{"id":69,"date":"2026-01-25T08:01:02","date_gmt":"2026-01-25T08:01:02","guid":{"rendered":"https:\/\/esg.perone.dev\/?page_id=69"},"modified":"2026-04-08T08:08:12","modified_gmt":"2026-04-08T08:08:12","slug":"musiciens","status":"publish","type":"page","link":"https:\/\/esg.perone.dev\/en\/musiciens\/","title":{"rendered":"Nos musiciens"},"content":{"rendered":"<div class=\"wp-block-group alignfull has-accent-background-color has-background has-global-padding is-layout-constrained wp-container-core-group-is-layout-a75e7c4c wp-block-group-is-layout-constrained\" style=\"margin-top:0;margin-bottom:0;padding-top:var(--wp--preset--spacing--60);padding-right:var(--wp--preset--spacing--50);padding-bottom:var(--wp--preset--spacing--60);padding-left:var(--wp--preset--spacing--50)\">\n<div class=\"wp-block-columns alignwide is-layout-flex wp-container-core-columns-is-layout-47c06fe3 wp-block-columns-is-layout-flex\">\n<div class=\"wp-block-column is-layout-flow wp-block-column-is-layout-flow\" style=\"flex-basis:25%\">\n<div class=\"wp-block-group is-vertical is-layout-flex wp-container-core-group-is-layout-c35747d5 wp-block-group-is-layout-flex\">\n<figure class=\"wp-block-image size-large is-style-rounded esg-portrait is-style-rounded--1\"><a href=\"\/fr\/musiciens\/christophe-quatremer\"><img decoding=\"async\" src=\"https:\/\/esg.perone.dev\/wp-content\/uploads\/2026\/01\/quatremer.jpg\" alt=\"Portrait de Christophe Quatremer, premier violon solo\" style=\"aspect-ratio:3\/4;object-fit:cover\"\/><\/a><\/figure>\n\n\n\n<h3 class=\"wp-block-heading has-large-font-size\" style=\"margin-top:var(--wp--preset--spacing--20)\">Christophe<br>Quatremer<\/h3>\n\n\n\n<p class=\"has-small-font-size\" style=\"line-height:1.6\">Pilier de l&rsquo;Ensemble Symphonique de Gen\u00e8ve, Christophe Quatremer en est le premier violon solo. Son archet guide l&rsquo;orchestre avec une pr\u00e9cision et une sensibilit\u00e9 qui t\u00e9moignent d&rsquo;une longue carri\u00e8re au service de la musique de chambre et symphonique.<\/p>\n\n\n\n<p class=\"has-small-font-size\"><a href=\"\/fr\/musiciens\/christophe-quatremer\">Lire la suite \u2192<\/a><\/p>\n<\/div>\n<\/div>\n\n\n\n<div class=\"wp-block-column is-layout-flow wp-block-column-is-layout-flow\" style=\"flex-basis:25%\">\n<div class=\"wp-block-group is-vertical is-layout-flex wp-container-core-group-is-layout-c35747d5 wp-block-group-is-layout-flex\">\n<figure class=\"wp-block-image size-large is-style-rounded esg-portrait is-style-rounded--2\"><a href=\"\/fr\/musiciens\/diana-pasko\"><img decoding=\"async\" src=\"https:\/\/esg.perone.dev\/wp-content\/uploads\/2026\/01\/pasko.jpg\" alt=\"Portrait de Diana Pasko, pianiste\" style=\"aspect-ratio:3\/4;object-fit:cover\"\/><\/a><\/figure>\n\n\n\n<h3 class=\"wp-block-heading has-large-font-size\" style=\"margin-top:var(--wp--preset--spacing--20)\">Diana<br>Pasko<\/h3>\n\n\n\n<p class=\"has-small-font-size\" style=\"line-height:1.6\">Prodige du piano d\u00e8s l&rsquo;\u00e2ge de six ans, Diana Pasko a donn\u00e9 ses premiers r\u00e9citals publics alors qu&rsquo;elle n&rsquo;\u00e9tait encore qu&rsquo;en premi\u00e8re ann\u00e9e de l&rsquo;\u00c9cole sp\u00e9ciale de musique de Kharkov. Cette pr\u00e9cocit\u00e9 exceptionnelle annon\u00e7ait d\u00e9j\u00e0 une carri\u00e8re brillante port\u00e9e par une technique virtuose et une profonde musicalit\u00e9.<\/p>\n\n\n\n<p class=\"has-small-font-size\"><a href=\"\/fr\/musiciens\/diana-pasko\">Lire la suite \u2192<\/a><\/p>\n<\/div>\n<\/div>\n\n\n\n<div class=\"wp-block-column is-layout-flow wp-block-column-is-layout-flow\" style=\"flex-basis:25%\">\n<div class=\"wp-block-group is-vertical is-layout-flex wp-container-core-group-is-layout-c35747d5 wp-block-group-is-layout-flex\">\n<figure class=\"wp-block-image size-large is-style-rounded esg-portrait is-style-rounded--3\"><a href=\"\/fr\/musiciens\/uxia-martinez-botana\"><img decoding=\"async\" src=\"https:\/\/esg.perone.dev\/wp-content\/uploads\/2026\/01\/botana.jpg\" alt=\"Portrait de Uxia Martinez Botana, contrebassiste\" style=\"aspect-ratio:3\/4;object-fit:cover\"\/><\/a><\/figure>\n\n\n\n<h3 class=\"wp-block-heading has-large-font-size\" style=\"margin-top:var(--wp--preset--spacing--20)\">Uxia Martinez Botana<\/h3>\n\n\n\n<p class=\"has-small-font-size\" style=\"line-height:1.6\">\u00c0 seulement 23 ans, Ux\u00eda Martinez Botana \u00e9tait d\u00e9j\u00e0 premi\u00e8re contrebasse solo du l\u00e9gendaire Kremerata Baltica, ensemble laur\u00e9at d&rsquo;un Grammy Award dirig\u00e9 par Gidon Kremer. Cette artiste galicienne repousse les limites de son instrument avec une virtuosit\u00e9 et une expressivit\u00e9 rares.<\/p>\n\n\n\n<p class=\"has-small-font-size\"><a href=\"\/fr\/musiciens\/uxia-martinez-botana\">Lire la suite \u2192<\/a><\/p>\n<\/div>\n<\/div>\n\n\n\n<div class=\"wp-block-column is-layout-flow wp-block-column-is-layout-flow\" style=\"flex-basis:25%\">\n<div class=\"wp-block-group is-vertical is-layout-flex wp-container-core-group-is-layout-c35747d5 wp-block-group-is-layout-flex\">\n<figure class=\"wp-block-image size-large is-style-rounded esg-portrait is-style-rounded--4\"><a href=\"\/fr\/musiciens\/natan-ca-zorzi\"><img decoding=\"async\" src=\"https:\/\/esg.perone.dev\/wp-content\/uploads\/2026\/01\/zorzi.jpg\" alt=\"Portrait de Natan Ca' Zorzi, violoniste\" style=\"aspect-ratio:3\/4;object-fit:cover\"\/><\/a><\/figure>\n\n\n\n<h3 class=\"wp-block-heading has-large-font-size\" style=\"margin-top:var(--wp--preset--spacing--20)\">Natan<br>Ca&rsquo; Zorzi<\/h3>\n\n\n\n<p class=\"has-small-font-size\" style=\"line-height:1.6\">N\u00e9 \u00e0 J\u00e9rusalem en 1999 d&rsquo;une m\u00e8re isra\u00e9lienne et d&rsquo;un p\u00e8re italien, Natan Ca&rsquo; Zorzi incarne une nouvelle g\u00e9n\u00e9ration de musiciens au parcours international. Actuellement en formation \u00e0 la prestigieuse Hochschule f\u00fcr Musik und Theater de Munich, il allie h\u00e9ritage m\u00e9diterran\u00e9en et rigueur germanique.<\/p>\n\n\n\n<p class=\"has-small-font-size\"><a href=\"\/fr\/musiciens\/natan-ca-zorzi\">Lire la suite \u2192<\/a><\/p>\n<\/div>\n<\/div>\n<\/div>\n<\/div>\n\n\n\n<div class=\"wp-block-group alignfull has-base-background-color has-background has-global-padding is-layout-constrained wp-container-core-group-is-layout-51ece95a wp-block-group-is-layout-constrained\" style=\"margin-top:0;margin-bottom:0;padding-top:var(--wp--preset--spacing--60);padding-right:var(--wp--preset--spacing--50);padding-bottom:var(--wp--preset--spacing--70);padding-left:var(--wp--preset--spacing--50)\">\n<div class=\"wp-block-columns alignwide is-layout-flex wp-container-core-columns-is-layout-47c06fe3 wp-block-columns-is-layout-flex\">\n<div class=\"wp-block-column is-layout-flow wp-block-column-is-layout-flow\" style=\"flex-basis:25%\">\n<div class=\"wp-block-group is-vertical is-layout-flex wp-container-core-group-is-layout-c35747d5 wp-block-group-is-layout-flex\">\n<figure class=\"wp-block-image size-large is-style-rounded esg-portrait is-style-rounded--5\"><a href=\"\/fr\/musiciens\/noemie-bialobroda\"><img decoding=\"async\" src=\"https:\/\/esg.perone.dev\/wp-content\/uploads\/2026\/01\/bialobroda.jpg\" alt=\"Portrait de No\u00e9mie Bialobroda, altiste\" style=\"aspect-ratio:3\/4;object-fit:cover\"\/><\/a><\/figure>\n\n\n\n<h3 class=\"wp-block-heading has-large-font-size\" style=\"margin-top:var(--wp--preset--spacing--20)\">No\u00e9mie<br>Bialobroda<\/h3>\n\n\n\n<p class=\"has-small-font-size\" style=\"line-height:1.6\">N\u00e9e \u00e0 Paris, l&rsquo;altiste No\u00e9mie Bialobroda se produit sur les sc\u00e8nes les plus prestigieuses du monde : Wigmore Hall de Londres, Victoria Hall de Gen\u00e8ve et bien d&rsquo;autres. Son jeu se distingue par une sonorit\u00e9 chaleureuse et une interpr\u00e9tation d&rsquo;une grande finesse qui font d&rsquo;elle une chambriste recherch\u00e9e.<\/p>\n\n\n\n<p class=\"has-small-font-size\"><a href=\"\/fr\/musiciens\/noemie-bialobroda\">Lire la suite \u2192<\/a><\/p>\n<\/div>\n<\/div>\n\n\n\n<div class=\"wp-block-column is-layout-flow wp-block-column-is-layout-flow\" style=\"flex-basis:25%\">\n<div class=\"wp-block-group is-vertical is-layout-flex wp-container-core-group-is-layout-c35747d5 wp-block-group-is-layout-flex\">\n<figure class=\"wp-block-image size-large is-style-rounded esg-portrait is-style-rounded--6\"><a href=\"\/fr\/musiciens\/auguste-rahon\"><img decoding=\"async\" src=\"https:\/\/esg.perone.dev\/wp-content\/uploads\/2026\/01\/rahon.jpg\" alt=\"Portrait de Auguste Rahon, violoniste\" style=\"aspect-ratio:3\/4;object-fit:cover\"\/><\/a><\/figure>\n\n\n\n<h3 class=\"wp-block-heading has-large-font-size\" style=\"margin-top:var(--wp--preset--spacing--20)\">Auguste<br>Rahon<\/h3>\n\n\n\n<p class=\"has-small-font-size\" style=\"line-height:1.6\">Entr\u00e9 au Conservatoire r\u00e9gional de Lyon \u00e0 seulement douze ans dans la classe d&rsquo;Augustin Lefebvre, Auguste Rahon y a obtenu son DEM avec la mention tr\u00e8s bien. Ce talent pr\u00e9coce s&rsquo;est \u00e9panoui pour donner naissance \u00e0 un musicien accompli, reconnu pour la puret\u00e9 de son phras\u00e9 et son engagement artistique.<\/p>\n\n\n\n<p class=\"has-small-font-size\"><a href=\"\/fr\/musiciens\/auguste-rahon\">Lire la suite \u2192<\/a><\/p>\n<\/div>\n<\/div>\n\n\n\n<div class=\"wp-block-column is-layout-flow wp-block-column-is-layout-flow\" style=\"flex-basis:25%\">\n<div class=\"wp-block-group is-vertical is-layout-flex wp-container-core-group-is-layout-c35747d5 wp-block-group-is-layout-flex\">\n<figure class=\"wp-block-image size-large is-style-rounded esg-portrait is-style-rounded--7\"><a href=\"\/fr\/musiciens\/anastasia-schmidlin\"><img decoding=\"async\" src=\"https:\/\/esg.perone.dev\/wp-content\/uploads\/2026\/01\/schmidlin.jpg\" alt=\"Portrait de Anastasia Schmidlin, clarinettiste\" style=\"aspect-ratio:3\/4;object-fit:cover\"\/><\/a><\/figure>\n\n\n\n<h3 class=\"wp-block-heading has-large-font-size\" style=\"margin-top:var(--wp--preset--spacing--20)\">Anastasia<br>Schmidlin<\/h3>\n\n\n\n<p class=\"has-small-font-size\" style=\"line-height:1.6\">Clarinettiste suisse-russe au parcours jalonn\u00e9 de prix internationaux, Anastasia Schmidlin s&rsquo;est impos\u00e9e sur la sc\u00e8ne musicale par son timbre lumineux et sa technique impeccable. Elle se produit r\u00e9guli\u00e8rement en soliste et en musique de chambre, explorant un r\u00e9pertoire allant du classique au contemporain.<\/p>\n\n\n\n<p class=\"has-small-font-size\"><a href=\"\/fr\/musiciens\/anastasia-schmidlin\">Lire la suite \u2192<\/a><\/p>\n<\/div>\n<\/div>\n\n\n\n<div class=\"wp-block-column is-layout-flow wp-block-column-is-layout-flow\" style=\"flex-basis:25%\">\n<div class=\"wp-block-group is-vertical is-layout-flex wp-container-core-group-is-layout-c35747d5 wp-block-group-is-layout-flex\">\n<figure class=\"wp-block-image size-large is-style-rounded esg-portrait is-style-rounded--8\"><a href=\"\/fr\/musiciens\/ingrid-schoenlaub\"><img decoding=\"async\" src=\"https:\/\/esg.perone.dev\/wp-content\/uploads\/2026\/01\/schoenlaub.jpg\" alt=\"Portrait de Ingrid Schoenlaub, violoncelliste\" style=\"aspect-ratio:3\/4;object-fit:cover\"\/><\/a><\/figure>\n\n\n\n<h3 class=\"wp-block-heading has-large-font-size\" style=\"margin-top:var(--wp--preset--spacing--20)\">Ingrid<br>Schoenlaub<\/h3>\n\n\n\n<p class=\"has-small-font-size\" style=\"line-height:1.6\">Form\u00e9e par deux ma\u00eetres du violoncelle \u2014 Philippe Muller au Conservatoire National Sup\u00e9rieur de Musique de Paris et Frans Helmerson \u00e0 la Musikhochschule de Cologne \u2014 Ingrid Schoenlaub perp\u00e9tue une tradition d&rsquo;excellence. Son jeu conjugue profondeur sonore et \u00e9l\u00e9gance du phras\u00e9 dans un r\u00e9pertoire \u00e9clectique.<\/p>\n\n\n\n<p class=\"has-small-font-size\"><a href=\"\/fr\/musiciens\/ingrid-schoenlaub\">Lire la suite \u2192<\/a><\/p>\n<\/div>\n<\/div>\n<\/div>\n<\/div>","protected":false},"excerpt":{"rendered":"<p>ChristopheQuatremer Pilier de l&rsquo;Ensemble Symphonique de Gen\u00e8ve, Christophe Quatremer en est le premier violon solo. Son archet guide l&rsquo;orchestre avec une pr\u00e9cision et une sensibilit\u00e9 qui t\u00e9moignent d&rsquo;une longue carri\u00e8re [&hellip;]<\/p>\n","protected":false},"author":1,"featured_media":0,"parent":0,"menu_order":0,"comment_status":"closed","ping_status":"closed","template":"","meta":{"_acf_changed":false,"_EventAllDay":false,"_EventTimezone":"","_EventStartDate":"","_EventEndDate":"","_EventStartDateUTC":"","_EventEndDateUTC":"","_EventShowMap":false,"_EventShowMapLink":false,"_EventURL":"","_EventCost":"","_EventCostDescription":"","_EventCurrencySymbol":"","_EventCurrencyCode":"","_EventCurrencyPosition":"","_EventDateTimeSeparator":"","_EventTimeRangeSeparator":"","_EventOrganizerID":[],"_EventVenueID":[],"_OrganizerEmail":"","_OrganizerPhone":"","_OrganizerWebsite":"","_VenueAddress":"","_VenueCity":"","_VenueCountry":"","_VenueProvince":"","_VenueState":"","_VenueZip":"","_VenuePhone":"","_VenueURL":"","_VenueStateProvince":"","_VenueLat":"","_VenueLng":"","_VenueShowMap":false,"_VenueShowMapLink":false,"footnotes":""},"class_list":["post-69","page","type-page","status-publish","hentry"],"acf":[],"_links":{"self":[{"href":"https:\/\/esg.perone.dev\/en\/wp-json\/wp\/v2\/pages\/69","targetHints":{"allow":["GET"]}}],"collection":[{"href":"https:\/\/esg.perone.dev\/en\/wp-json\/wp\/v2\/pages"}],"about":[{"href":"https:\/\/esg.perone.dev\/en\/wp-json\/wp\/v2\/types\/page"}],"author":[{"embeddable":true,"href":"https:\/\/esg.perone.dev\/en\/wp-json\/wp\/v2\/users\/1"}],"replies":[{"embeddable":true,"href":"https:\/\/esg.perone.dev\/en\/wp-json\/wp\/v2\/comments?post=69"}],"version-history":[{"count":12,"href":"https:\/\/esg.perone.dev\/en\/wp-json\/wp\/v2\/pages\/69\/revisions"}],"predecessor-version":[{"id":185,"href":"https:\/\/esg.perone.dev\/en\/wp-json\/wp\/v2\/pages\/69\/revisions\/185"}],"wp:attachment":[{"href":"https:\/\/esg.perone.dev\/en\/wp-json\/wp\/v2\/media?parent=69"}],"curies":[{"name":"wp","href":"https:\/\/api.w.org\/{rel}","templated":true}]}}