{"id":18,"date":"2025-10-22T14:29:54","date_gmt":"2025-10-22T14:29:54","guid":{"rendered":"https:\/\/esg.perone.dev\/?page_id=18"},"modified":"2026-01-25T08:38:05","modified_gmt":"2026-01-25T08:38:05","slug":"direction","status":"publish","type":"page","link":"https:\/\/esg.perone.dev\/en\/direction\/","title":{"rendered":"Direction"},"content":{"rendered":"<div class=\"wp-block-group alignfull has-accent-background-color has-background has-global-padding is-layout-constrained wp-container-core-group-is-layout-669513ed wp-block-group-is-layout-constrained\"\n  style=\"margin-top:0;margin-bottom:0;padding-top:var(--wp--preset--spacing--50);padding-right:var(--wp--preset--spacing--50);padding-bottom:var(--wp--preset--spacing--50);padding-left:var(--wp--preset--spacing--50)\">\n  \n  <div class=\"wp-block-columns alignwide is-layout-flex wp-container-core-columns-is-layout-1da03c2a wp-block-columns-is-layout-flex\">\n    <div class=\"wp-block-column is-layout-flow wp-block-column-is-layout-flow\" style=\"flex-basis:50%\">\n      \n      <div class=\"wp-block-group is-vertical is-layout-flex wp-container-core-group-is-layout-fe9cc265 wp-block-group-is-layout-flex\">\n        \n        <p class=\"has-heading-font-family has-x-large-font-size\" style=\"line-height:1.2\">Sergey Ostrovsky<\/p>\n        \n\n        \n        <p>Violoniste soliste, chef d&rsquo;orchestre, fondateur et premier violon du Quatuor \u00e0 Cordes \u00ab Aviv \u00bb pendant 27\n          saisons, fondateur et Directeur Artistique de l\u2019Ensemble Symphonique de Gen\u00e8ve, professeur de violon \u00e0 la\n          Haute Ecole de Musique de&nbsp;Gen\u00e8ve&nbsp;et Neuch\u00e2tel&nbsp;depuis 2009, Sergey Ostrovsky a occup\u00e9 le poste\n          de Premier Violon Solo de l\u2019Orchestre de la Suisse Romande de 2007 \u00e0 2012. Il a \u00e9galement \u00e9t\u00e9 Premier Violon\n          Solo del Orquesta de la Communidad Valenciana de 2012 \u00e0 2015.<\/p>\n        \n\n        \n        <p>Sergey Ostrovsky a gagn\u00e9 le Grand Prix au 3\u00e8me Concours International de Musique de Chambre de Melbourne. Il\n          est laur\u00e9at du Concours International de Quatuors \u00e0 cordes de Bordeaux, 2\u00e8me Prix du Concours International \u00ab\n          Schubert et Modernit\u00e9 \u00bb de Graz (Prix \u00ab Schubert \u00bb), ainsi que laur\u00e9at du Concours International \u00ab Printemps\n          de Prague \u00bb et du Rodolfo Lipitzer Prize.<\/p>\n        \n\n        \n        <p>En tant que soliste, Sergey Ostrovsky joue avec des orchestres prestigieux, tels que l\u2019Orchestre de la Suisse\n          Romande, l\u2019Orchestre Philharmonique d\u2019Isra\u00ebl, l\u2019Orchestre de Chambre de Gen\u00e8ve, l&rsquo;Orchestre Philharmonique de\n          Cape Town, l\u2019Orchestre de Chambre \u00ab Amadeus \u00bb (Pologne), le Bournemouth Symphony Orchestra, l&rsquo;Orquesta de la\n          Communidad Valenciana, le Jerusalem Symphony Orchestra, le Luzerner Sinfonieorchester et l\u2019Orchestre de\n          Chambre d&rsquo;Isra\u00ebl.<\/p>\n        \n      <\/div>\n      \n    <\/div>\n    \n\n    \n    <div class=\"wp-block-column is-vertically-aligned-center is-layout-flow wp-block-column-is-layout-flow\" style=\"flex-basis:50%\">\n      \n      <figure class=\"wp-block-image size-large is-style-rounded is-style-rounded--1\"><img loading=\"lazy\" decoding=\"async\" width=\"683\" height=\"1024\"\n          src=\"https:\/\/esg.perone.dev\/wp-content\/uploads\/2026\/01\/Sergey_L1390958_\u00a9G.Maillot_point-of-views.ch_-683x1024.jpg\"\n          alt=\"Photo of Sergey Ostrovsky\" class=\"wp-image-60\" srcset=\"https:\/\/esg.perone.dev\/wp-content\/uploads\/2026\/01\/Sergey_L1390958_\u00a9G.Maillot_point-of-views.ch_-683x1024.jpg 683w, https:\/\/esg.perone.dev\/wp-content\/uploads\/2026\/01\/Sergey_L1390958_\u00a9G.Maillot_point-of-views.ch_-200x300.jpg 200w, https:\/\/esg.perone.dev\/wp-content\/uploads\/2026\/01\/Sergey_L1390958_\u00a9G.Maillot_point-of-views.ch_-768x1152.jpg 768w, https:\/\/esg.perone.dev\/wp-content\/uploads\/2026\/01\/Sergey_L1390958_\u00a9G.Maillot_point-of-views.ch_-1024x1536.jpg 1024w, https:\/\/esg.perone.dev\/wp-content\/uploads\/2026\/01\/Sergey_L1390958_\u00a9G.Maillot_point-of-views.ch_-1365x2048.jpg 1365w, https:\/\/esg.perone.dev\/wp-content\/uploads\/2026\/01\/Sergey_L1390958_\u00a9G.Maillot_point-of-views.ch_-8x12.jpg 8w, https:\/\/esg.perone.dev\/wp-content\/uploads\/2026\/01\/Sergey_L1390958_\u00a9G.Maillot_point-of-views.ch_-scaled.jpg 1707w\" sizes=\"auto, (max-width: 683px) 100vw, 683px\" \/><\/figure>\n      \n    <\/div>\n    \n  <\/div>\n  \n<\/div>\n\n\n\n<div class=\"wp-block-group alignfull has-base-background-color has-background has-global-padding is-layout-constrained wp-container-core-group-is-layout-d89aad35 wp-block-group-is-layout-constrained\"\n  style=\"margin-top:0;margin-bottom:0;padding-top:var(--wp--preset--spacing--50);padding-right:var(--wp--preset--spacing--50);padding-bottom:var(--wp--preset--spacing--50);padding-left:var(--wp--preset--spacing--50)\">\n  \n  <div class=\"wp-block-columns alignwide is-layout-flex wp-container-core-columns-is-layout-549b0c86 wp-block-columns-is-layout-flex\">\n    \n    <div class=\"wp-block-column is-layout-flow wp-container-core-column-is-layout-119bc444 wp-block-column-is-layout-flow\" style=\"flex-basis:100%\">\n      \n      <p class=\"has-heading-font-family has-x-large-font-size\" style=\"line-height:1.2\">Passionn\u00e9 par la direction\n        d\u2019orchestre, Sergey Ostrovsky est r\u00e9guli\u00e8rement invit\u00e9 comme chef d&rsquo;orchestre en Suisse, Espagne, Russie,\n        Estonie, Ukraine, Arm\u00e9nie, G\u00e9orgie, Lettonie et Isra\u00ebl.<\/p>\n      \n\n      \n      <div class=\"wp-block-columns is-layout-flex wp-container-core-columns-is-layout-87beb0d0 wp-block-columns-is-layout-flex\">\n        <div class=\"wp-block-column is-layout-flow wp-block-column-is-layout-flow\">\n          <p class=\"wp-container-content-9cfa9a5a\">En 2015, Sergey Ostrovsky a cr\u00e9\u00e9 un Ensemble de Cordes, les \u00ab Solistes de Neuch\u00e2tel \u00bb, et en 2023\n            l\u2019Ensemble symphonique \u00e0 Gen\u00e8ve. Le r\u00f4le de Sergey Ostrovsky \u00e0 la direction artistique de l&rsquo;Ensemble\n            Symphonique de Gen\u00e8ve est multiple, \u00e0 la fois en tant que \u00ab gestionnaire artistique \u00bb, mais aussi comme\n            musicien \u00ab acteur \u00bb dans les spectacles. De ce dernier point de vue, il pourra diriger l&rsquo;orchestre sur le\n            podium, mais aussi diriger du violon en tant que soliste.<\/p>\n          \n        <\/div>\n        \n\n        \n        <div class=\"wp-block-column is-layout-flow wp-block-column-is-layout-flow\">\n          <p>Enfin comme chambriste, Sergey Ostrovsky a jou\u00e9 dans les plus prestigieuses salles du monde, telles que\n            Carnegie Hall, Alice Tully Hall, Auditorium du Louvre, Th\u00e9\u00e2tre du Ch\u00e2telet, Wigmore Hall de Londres, Sydney\n            Opera House, etc. Son Quatuor \u00e0 Cordes \u00ab Aviv \u00bb a par ailleurs enregistr\u00e9 de nombreux disques (Hoffmeister,\n            Dohnanyi, Chostakovitch, Schubert, Schulhoff, &#8230;) dont certains ont \u00e9t\u00e9 distingu\u00e9s par la critique.<\/p>\n          \n        <\/div>\n        \n      <\/div>\n      \n    <\/div>\n    \n  <\/div>\n  \n<\/div>","protected":false},"excerpt":{"rendered":"<p>Sergey Ostrovsky Violoniste soliste, chef d&rsquo;orchestre, fondateur et premier violon du Quatuor \u00e0 Cordes \u00ab Aviv \u00bb pendant 27 saisons, fondateur et Directeur Artistique de l\u2019Ensemble Symphonique de Gen\u00e8ve, professeur [&hellip;]<\/p>\n","protected":false},"author":1,"featured_media":0,"parent":0,"menu_order":0,"comment_status":"closed","ping_status":"closed","template":"","meta":{"_acf_changed":false,"_EventAllDay":false,"_EventTimezone":"","_EventStartDate":"","_EventEndDate":"","_EventStartDateUTC":"","_EventEndDateUTC":"","_EventShowMap":false,"_EventShowMapLink":false,"_EventURL":"","_EventCost":"","_EventCostDescription":"","_EventCurrencySymbol":"","_EventCurrencyCode":"","_EventCurrencyPosition":"","_EventDateTimeSeparator":"","_EventTimeRangeSeparator":"","_EventOrganizerID":[],"_EventVenueID":[],"_OrganizerEmail":"","_OrganizerPhone":"","_OrganizerWebsite":"","_VenueAddress":"","_VenueCity":"","_VenueCountry":"","_VenueProvince":"","_VenueState":"","_VenueZip":"","_VenuePhone":"","_VenueURL":"","_VenueStateProvince":"","_VenueLat":"","_VenueLng":"","_VenueShowMap":false,"_VenueShowMapLink":false,"footnotes":""},"class_list":["post-18","page","type-page","status-publish","hentry"],"acf":[],"_links":{"self":[{"href":"https:\/\/esg.perone.dev\/en\/wp-json\/wp\/v2\/pages\/18","targetHints":{"allow":["GET"]}}],"collection":[{"href":"https:\/\/esg.perone.dev\/en\/wp-json\/wp\/v2\/pages"}],"about":[{"href":"https:\/\/esg.perone.dev\/en\/wp-json\/wp\/v2\/types\/page"}],"author":[{"embeddable":true,"href":"https:\/\/esg.perone.dev\/en\/wp-json\/wp\/v2\/users\/1"}],"replies":[{"embeddable":true,"href":"https:\/\/esg.perone.dev\/en\/wp-json\/wp\/v2\/comments?post=18"}],"version-history":[{"count":9,"href":"https:\/\/esg.perone.dev\/en\/wp-json\/wp\/v2\/pages\/18\/revisions"}],"predecessor-version":[{"id":97,"href":"https:\/\/esg.perone.dev\/en\/wp-json\/wp\/v2\/pages\/18\/revisions\/97"}],"wp:attachment":[{"href":"https:\/\/esg.perone.dev\/en\/wp-json\/wp\/v2\/media?parent=18"}],"curies":[{"name":"wp","href":"https:\/\/api.w.org\/{rel}","templated":true}]}}