{"id":134,"date":"2026-01-25T09:44:25","date_gmt":"2026-01-25T09:44:25","guid":{"rendered":"https:\/\/esg.perone.dev\/nous-soutenir\/"},"modified":"2026-04-08T12:37:52","modified_gmt":"2026-04-08T10:37:52","slug":"nous-soutenir","status":"publish","type":"page","link":"https:\/\/esg.perone.dev\/en\/nous-soutenir\/","title":{"rendered":"Nous soutenir"},"content":{"rendered":"<div class=\"wp-block-group alignfull has-accent-background-color has-background has-global-padding is-layout-constrained wp-container-core-group-is-layout-6eda0753 wp-block-group-is-layout-constrained\" style=\"margin-top:0;margin-bottom:0;padding-top:var(--wp--preset--spacing--70);padding-right:var(--wp--preset--spacing--50);padding-bottom:var(--wp--preset--spacing--70);padding-left:var(--wp--preset--spacing--50)\">\n<h1 class=\"wp-block-heading has-text-align-center has-heading-font-family has-xx-large-font-size\">Nous soutenir<\/h1>\n\n\n\n<p class=\"has-text-align-center has-heading-font-family has-x-large-font-size\" style=\"line-height:1.2\">Faisons de la musique classique un bien commun, accessible \u00e0 tous !<\/p>\n<\/div>\n\n\n\n<div class=\"wp-block-group alignfull has-base-background-color has-background has-global-padding is-layout-constrained wp-container-core-group-is-layout-a75e7c4c wp-block-group-is-layout-constrained\" style=\"margin-top:0;margin-bottom:0;padding-top:var(--wp--preset--spacing--60);padding-right:var(--wp--preset--spacing--50);padding-bottom:var(--wp--preset--spacing--60);padding-left:var(--wp--preset--spacing--50)\">\n<h2 class=\"wp-block-heading has-text-align-center has-heading-font-family has-x-large-font-size\">Pourquoi nous soutenir ?<\/h2>\n\n\n\n<div class=\"wp-block-columns alignwide is-layout-flex wp-container-core-columns-is-layout-f3a7ff92 wp-block-columns-is-layout-flex\">\n<div class=\"wp-block-column is-layout-flow wp-block-column-is-layout-flow\" style=\"flex-basis:50%\">\n<p class=\"has-medium-font-size\">Votre soutien nous permettra de financer l&rsquo;organisation de nos activit\u00e9s et continuer \u00e0 offrir au public des moments de partage autour de la musique classique et \u00e0 construire des liens entre les cultures \u00e0 travers la passion de nos musiciens.<\/p>\n<\/div>\n\n\n\n<div class=\"wp-block-column is-layout-flow wp-block-column-is-layout-flow\" style=\"flex-basis:50%\">\n<p class=\"has-medium-font-size\">L&rsquo;association Classique en Partage a pour mission de rassembler des divers publics autour de la musique de tr\u00e8s grande qualit\u00e9. Nous souhaitons faire de la musique classique un bien commun, accessible \u00e0 tous !<\/p>\n\n\n\n<p class=\"has-medium-font-size\">Nous vous en remercions chaleureusement par avance.<br>Musicalement v\u00f4tre !<\/p>\n<\/div>\n<\/div>\n\n\n\n<hr class=\"wp-block-separator has-alpha-channel-opacity is-style-wide\" style=\"margin-top:var(--wp--preset--spacing--40);margin-bottom:var(--wp--preset--spacing--30)\"\/>\n\n\n\n<h3 class=\"wp-block-heading has-text-align-center has-heading-font-family has-large-font-size\" style=\"margin-bottom:var(--wp--preset--spacing--20)\">Comment nous soutenir ?<\/h3>\n\n\n\n<p class=\"has-text-align-center has-medium-font-size\" style=\"line-height:1.8\">Chaque geste compte. Vous pouvez nous soutenir en <strong>assistant \u00e0 nos concerts<\/strong>, en <strong>devenant membre<\/strong> de l&rsquo;association (d\u00e8s CHF 50.-), ou en <strong>faisant un don<\/strong> en tant que Donateur, Bienfaiteur ou M\u00e9c\u00e8ne.<\/p>\n<\/div>\n\n\n\n<div class=\"wp-block-group alignfull has-accent-background-color has-background has-global-padding is-layout-constrained wp-container-core-group-is-layout-a75e7c4c wp-block-group-is-layout-constrained\" style=\"margin-top:0;margin-bottom:0;padding-top:var(--wp--preset--spacing--60);padding-right:var(--wp--preset--spacing--50);padding-bottom:var(--wp--preset--spacing--60);padding-left:var(--wp--preset--spacing--50)\">\n<h2 class=\"wp-block-heading has-text-align-center has-heading-font-family has-x-large-font-size\">Assister aux concerts<\/h2>\n\n\n\n<p class=\"has-text-align-center has-medium-font-size\">En achetant un billet, vous contribuez non seulement par le prix du billet, mais aussi par votre pr\u00e9sence.<\/p>\n\n\n\n<p class=\"has-text-align-center has-medium-font-size\">Lors d&rsquo;un concert, il y a un \u00e9change entre les musiciens et le public. Plus les musiciens font preuve d&rsquo;expression et de passion, plus ils suscitent d&rsquo;\u00e9motions dans le public, et ces \u00e9motions, \u00e0 leur tour, inspirent encore plus les musiciens. La pr\u00e9sence d&rsquo;un public enthousiaste soutient donc \u00e9norm\u00e9ment les musiciens.<\/p>\n\n\n\n<p class=\"has-text-align-center has-medium-font-size\">Si vous souhaitez <strong>\u00eatre inform\u00e9 sur nos concerts<\/strong> et activit\u00e9s en g\u00e9n\u00e9ral, vous pouvez vous inscrire \u00e0 notre mailing-liste :<\/p>\n\n\n\n<div class=\"wp-block-buttons is-content-justification-center is-layout-flex wp-container-core-buttons-is-layout-a89b3969 wp-block-buttons-is-layout-flex\">\n<div class=\"wp-block-button\"><a class=\"wp-block-button__link has-base-color has-accent-3-background-color has-text-color has-background wp-element-button\" style=\"border-radius:4px\">S&rsquo;inscrire \u00e0 la mailing-liste<\/a><\/div>\n<\/div>\n<\/div>\n\n\n\n<div class=\"wp-block-group alignfull has-base-background-color has-background has-global-padding is-layout-constrained wp-container-core-group-is-layout-6eda0753 wp-block-group-is-layout-constrained\" style=\"margin-top:0;margin-bottom:0;padding-top:var(--wp--preset--spacing--70);padding-right:var(--wp--preset--spacing--50);padding-bottom:var(--wp--preset--spacing--70);padding-left:var(--wp--preset--spacing--50)\">\n<h2 class=\"wp-block-heading has-text-align-center has-heading-font-family has-x-large-font-size\">Devenir membre<\/h2>\n\n\n\n<p class=\"has-text-align-center has-medium-font-size\">Rejoignez l&rsquo;association Classique en Partage et b\u00e9n\u00e9ficiez d&rsquo;avantages exclusifs.<\/p>\n\n\n\n<div class=\"wp-block-columns alignwide is-layout-flex wp-container-core-columns-is-layout-08c01c1c wp-block-columns-is-layout-flex\">\n<div class=\"wp-block-column is-layout-flow wp-block-column-is-layout-flow\">\n<div class=\"wp-block-group has-border-color has-global-padding is-layout-constrained wp-container-core-group-is-layout-a151063b wp-block-group-is-layout-constrained\" style=\"border-color:#E8DFD0;border-width:1px;border-radius:8px;padding-top:var(--wp--preset--spacing--50);padding-right:var(--wp--preset--spacing--40);padding-bottom:var(--wp--preset--spacing--50);padding-left:var(--wp--preset--spacing--40)\">\n<h3 class=\"wp-block-heading has-text-align-center has-heading-font-family has-large-font-size\">Membre<\/h3>\n\n\n\n<p class=\"has-text-align-center has-heading-font-family has-xx-large-font-size\" style=\"line-height:1.1\">CHF 100.-<\/p>\n\n\n\n<p class=\"has-text-align-center has-small-font-size\">par an<\/p>\n<\/div>\n<\/div>\n\n\n\n<div class=\"wp-block-column is-layout-flow wp-block-column-is-layout-flow\">\n<div class=\"wp-block-group has-border-color has-global-padding is-layout-constrained wp-container-core-group-is-layout-a151063b wp-block-group-is-layout-constrained\" style=\"border-color:#E8DFD0;border-width:1px;border-radius:8px;padding-top:var(--wp--preset--spacing--50);padding-right:var(--wp--preset--spacing--40);padding-bottom:var(--wp--preset--spacing--50);padding-left:var(--wp--preset--spacing--40)\">\n<h3 class=\"wp-block-heading has-text-align-center has-heading-font-family has-large-font-size\">Couples<\/h3>\n\n\n\n<p class=\"has-text-align-center has-heading-font-family has-xx-large-font-size\" style=\"line-height:1.1\">CHF 180.-<\/p>\n\n\n\n<p class=\"has-text-align-center has-small-font-size\">par an<\/p>\n<\/div>\n<\/div>\n\n\n\n<div class=\"wp-block-column is-layout-flow wp-block-column-is-layout-flow\">\n<div class=\"wp-block-group has-border-color has-global-padding is-layout-constrained wp-container-core-group-is-layout-a151063b wp-block-group-is-layout-constrained\" style=\"border-color:#E8DFD0;border-width:1px;border-radius:8px;padding-top:var(--wp--preset--spacing--50);padding-right:var(--wp--preset--spacing--40);padding-bottom:var(--wp--preset--spacing--50);padding-left:var(--wp--preset--spacing--40)\">\n<h3 class=\"wp-block-heading has-text-align-center has-heading-font-family has-large-font-size\">\u00c9tudiant<\/h3>\n\n\n\n<p class=\"has-text-align-center has-heading-font-family has-xx-large-font-size\" style=\"line-height:1.1\">CHF 50.-<\/p>\n\n\n\n<p class=\"has-text-align-center has-small-font-size\">par an<\/p>\n<\/div>\n<\/div>\n<\/div>\n\n\n\n<div class=\"wp-block-group has-accent-background-color has-background has-global-padding is-layout-constrained wp-container-core-group-is-layout-a2168ffe wp-block-group-is-layout-constrained\" style=\"border-radius:8px;margin-top:var(--wp--preset--spacing--50);padding-top:var(--wp--preset--spacing--40);padding-right:var(--wp--preset--spacing--50);padding-bottom:var(--wp--preset--spacing--40);padding-left:var(--wp--preset--spacing--50)\">\n<h3 class=\"wp-block-heading has-text-align-center has-heading-font-family has-large-font-size\">Avantages membres<\/h3>\n\n\n\n<p class=\"has-text-align-center has-small-font-size\">Billets aux concerts au tarif r\u00e9duit<\/p>\n\n\n\n<p class=\"has-text-align-center has-small-font-size\">Newsletter de l&rsquo;ESG<\/p>\n\n\n\n<p class=\"has-text-align-center has-small-font-size\">Acc\u00e8s \u00e0 l&rsquo;Assembl\u00e9e G\u00e9n\u00e9rale<\/p>\n\n\n\n<p class=\"has-text-align-center has-small-font-size\">Invitations aux r\u00e9p\u00e9titions g\u00e9n\u00e9rales<\/p>\n<\/div>\n\n\n\n<div class=\"wp-block-buttons is-content-justification-center is-layout-flex wp-container-core-buttons-is-layout-bb659de6 wp-block-buttons-is-layout-flex\" style=\"margin-top:var(--wp--preset--spacing--50)\">\n<div class=\"wp-block-button\"><a class=\"wp-block-button__link has-base-color has-accent-3-background-color has-text-color has-background wp-element-button\" style=\"border-radius:4px\">Devenir membre<\/a><\/div>\n<\/div>\n<\/div>\n\n\n\n<div class=\"wp-block-group alignfull has-base-color has-accent-3-background-color has-text-color has-background has-global-padding is-layout-constrained wp-container-core-group-is-layout-522aaaae wp-block-group-is-layout-constrained\" style=\"margin-top:0;margin-bottom:0;padding-top:var(--wp--preset--spacing--40);padding-right:var(--wp--preset--spacing--50);padding-bottom:var(--wp--preset--spacing--50);padding-left:var(--wp--preset--spacing--50)\">\n<h2 class=\"wp-block-heading has-text-align-center has-base-color has-text-color has-heading-font-family has-x-large-font-size\">Soutenir davantage<\/h2>\n\n\n\n<p class=\"has-text-align-center has-small-font-size\">Pour ceux qui souhaitent aller plus loin dans leur engagement, d\u00e9couvrez nos niveaux de soutien privil\u00e9gi\u00e9s.<\/p>\n\n\n\n<div class=\"wp-block-columns alignwide is-layout-flex wp-container-core-columns-is-layout-e12f0bcd wp-block-columns-is-layout-flex\" style=\"margin-top:var(--wp--preset--spacing--30)\">\n<div class=\"wp-block-column is-layout-flow wp-block-column-is-layout-flow\">\n<div class=\"wp-block-group has-border-color has-base-color has-text-color has-global-padding is-layout-constrained wp-container-core-group-is-layout-80fb368b wp-block-group-is-layout-constrained\" style=\"border-color:#ffffff60;border-width:1px;border-radius:8px;padding-top:var(--wp--preset--spacing--30);padding-right:var(--wp--preset--spacing--30);padding-bottom:var(--wp--preset--spacing--30);padding-left:var(--wp--preset--spacing--30)\">\n<h3 class=\"wp-block-heading has-text-align-center has-base-color has-text-color has-heading-font-family has-medium-font-size\">Donateur<\/h3>\n\n\n\n<p class=\"has-text-align-center has-heading-font-family has-x-large-font-size\" style=\"line-height:1.1\">CHF 500.-<\/p>\n\n\n\n<hr class=\"wp-block-separator has-text-color has-alpha-channel-opacity has-background is-style-wide\" style=\"margin-top:var(--wp--preset--spacing--20);margin-bottom:var(--wp--preset--spacing--20);background-color:#ffffff60;color:#ffffff60\"\/>\n\n\n\n<p class=\"has-text-align-center has-small-font-size\">Tous les avantages Membre<br>Mention dans nos publications<br>Attestation fiscale<\/p>\n<\/div>\n<\/div>\n\n\n\n<div class=\"wp-block-column is-layout-flow wp-block-column-is-layout-flow\">\n<div class=\"wp-block-group has-border-color has-base-color has-text-color has-global-padding is-layout-constrained wp-container-core-group-is-layout-80fb368b wp-block-group-is-layout-constrained\" style=\"border-color:#ffffff60;border-width:1px;border-radius:8px;padding-top:var(--wp--preset--spacing--30);padding-right:var(--wp--preset--spacing--30);padding-bottom:var(--wp--preset--spacing--30);padding-left:var(--wp--preset--spacing--30)\">\n<h3 class=\"wp-block-heading has-text-align-center has-base-color has-text-color has-heading-font-family has-medium-font-size\">Bienfaiteur<\/h3>\n\n\n\n<p class=\"has-text-align-center has-heading-font-family has-x-large-font-size\" style=\"line-height:1.1\">CHF 1000.-<\/p>\n\n\n\n<hr class=\"wp-block-separator has-text-color has-alpha-channel-opacity has-background is-style-wide\" style=\"margin-top:var(--wp--preset--spacing--20);margin-bottom:var(--wp--preset--spacing--20);background-color:#ffffff30;color:#ffffff30\"\/>\n\n\n\n<p class=\"has-text-align-center has-small-font-size\">Tous les avantages Donateur<br>Mention du statut de Bienfaiteur<\/p>\n<\/div>\n<\/div>\n\n\n\n<div class=\"wp-block-column is-layout-flow wp-block-column-is-layout-flow\">\n<div class=\"wp-block-group has-border-color has-base-color has-text-color has-global-padding is-layout-constrained wp-container-core-group-is-layout-80fb368b wp-block-group-is-layout-constrained\" style=\"border-color:#ffffff60;border-width:1px;border-radius:8px;padding-top:var(--wp--preset--spacing--30);padding-right:var(--wp--preset--spacing--30);padding-bottom:var(--wp--preset--spacing--30);padding-left:var(--wp--preset--spacing--30)\">\n<h3 class=\"wp-block-heading has-text-align-center has-base-color has-text-color has-heading-font-family has-medium-font-size\">M\u00e9c\u00e8ne<\/h3>\n\n\n\n<p class=\"has-text-align-center has-heading-font-family has-x-large-font-size\" style=\"line-height:1.1\">d\u00e8s CHF 5000.-<\/p>\n\n\n\n<hr class=\"wp-block-separator has-text-color has-alpha-channel-opacity has-background is-style-wide\" style=\"margin-top:var(--wp--preset--spacing--20);margin-bottom:var(--wp--preset--spacing--20);background-color:#ffffff30;color:#ffffff30\"\/>\n\n\n\n<p class=\"has-text-align-center has-small-font-size\">Tous les avantages Bienfaiteur<br>Mention du statut de M\u00e9c\u00e8ne<\/p>\n<\/div>\n<\/div>\n<\/div>\n\n\n\n<p class=\"has-text-align-center has-small-font-size\" style=\"margin-top:var(--wp--preset--spacing--30)\">Inscrivez-vous avec vos coordonn\u00e9es via le formulaire pour recevoir une attestation fiscale et \u00eatre mentionn\u00e9 dans nos publications.<\/p>\n\n\n\n<div class=\"wp-block-buttons is-content-justification-center is-layout-flex wp-container-core-buttons-is-layout-f3767f4c wp-block-buttons-is-layout-flex\" style=\"margin-top:var(--wp--preset--spacing--20)\">\n<div class=\"wp-block-button\"><a class=\"wp-block-button__link has-contrast-color has-base-background-color has-text-color has-background wp-element-button\" style=\"border-radius:4px\">Faire un don<\/a><\/div>\n<\/div>\n<\/div>\n\n\n\n<div class=\"wp-block-group alignfull has-base-background-color has-background has-global-padding is-layout-constrained wp-container-core-group-is-layout-a75e7c4c wp-block-group-is-layout-constrained\" style=\"margin-top:0;margin-bottom:0;padding-top:var(--wp--preset--spacing--60);padding-right:var(--wp--preset--spacing--50);padding-bottom:var(--wp--preset--spacing--60);padding-left:var(--wp--preset--spacing--50)\">\n<div class=\"wp-block-group has-accent-background-color has-background has-global-padding is-layout-constrained wp-container-core-group-is-layout-ca772ca1 wp-block-group-is-layout-constrained\" style=\"border-radius:8px;padding-top:var(--wp--preset--spacing--40);padding-right:var(--wp--preset--spacing--50);padding-bottom:var(--wp--preset--spacing--40);padding-left:var(--wp--preset--spacing--50)\">\n<h2 class=\"wp-block-heading has-text-align-center has-heading-font-family has-large-font-size\">Coordonn\u00e9es bancaires<\/h2>\n\n\n\n<p class=\"has-text-align-center has-medium-font-size\">SWIFT : UBSWCHZH80A<br>IBAN : CH22 0021 5215 1984 4601 J<\/p>\n\n\n\n<p class=\"has-text-align-center has-medium-font-size\">En faveur de : <strong>Classique en Partage<\/strong><br>Rue Beauregard 11<br>1204 Gen\u00e8ve<\/p>\n<\/div>\n<\/div>","protected":false},"excerpt":{"rendered":"<p>Nous soutenir Faisons de la musique classique un bien commun, accessible \u00e0 tous ! Pourquoi nous soutenir ? Votre soutien nous permettra de financer l&rsquo;organisation de nos activit\u00e9s et continuer [&hellip;]<\/p>\n","protected":false},"author":1,"featured_media":0,"parent":0,"menu_order":0,"comment_status":"closed","ping_status":"closed","template":"page-no-title","meta":{"_acf_changed":false,"_EventAllDay":false,"_EventTimezone":"","_EventStartDate":"","_EventEndDate":"","_EventStartDateUTC":"","_EventEndDateUTC":"","_EventShowMap":false,"_EventShowMapLink":false,"_EventURL":"","_EventCost":"","_EventCostDescription":"","_EventCurrencySymbol":"","_EventCurrencyCode":"","_EventCurrencyPosition":"","_EventDateTimeSeparator":"","_EventTimeRangeSeparator":"","_EventOrganizerID":[],"_EventVenueID":[],"_OrganizerEmail":"","_OrganizerPhone":"","_OrganizerWebsite":"","_VenueAddress":"","_VenueCity":"","_VenueCountry":"","_VenueProvince":"","_VenueState":"","_VenueZip":"","_VenuePhone":"","_VenueURL":"","_VenueStateProvince":"","_VenueLat":"","_VenueLng":"","_VenueShowMap":false,"_VenueShowMapLink":false,"footnotes":""},"class_list":["post-134","page","type-page","status-publish","hentry"],"acf":[],"_links":{"self":[{"href":"https:\/\/esg.perone.dev\/en\/wp-json\/wp\/v2\/pages\/134","targetHints":{"allow":["GET"]}}],"collection":[{"href":"https:\/\/esg.perone.dev\/en\/wp-json\/wp\/v2\/pages"}],"about":[{"href":"https:\/\/esg.perone.dev\/en\/wp-json\/wp\/v2\/types\/page"}],"author":[{"embeddable":true,"href":"https:\/\/esg.perone.dev\/en\/wp-json\/wp\/v2\/users\/1"}],"replies":[{"embeddable":true,"href":"https:\/\/esg.perone.dev\/en\/wp-json\/wp\/v2\/comments?post=134"}],"version-history":[{"count":12,"href":"https:\/\/esg.perone.dev\/en\/wp-json\/wp\/v2\/pages\/134\/revisions"}],"predecessor-version":[{"id":221,"href":"https:\/\/esg.perone.dev\/en\/wp-json\/wp\/v2\/pages\/134\/revisions\/221"}],"wp:attachment":[{"href":"https:\/\/esg.perone.dev\/en\/wp-json\/wp\/v2\/media?parent=134"}],"curies":[{"name":"wp","href":"https:\/\/api.w.org\/{rel}","templated":true}]}}