{"id":132,"date":"2026-01-25T09:43:13","date_gmt":"2026-01-25T09:43:13","guid":{"rendered":"https:\/\/esg.perone.dev\/lassociation\/"},"modified":"2026-03-10T08:32:34","modified_gmt":"2026-03-10T08:32:34","slug":"lassociation","status":"publish","type":"page","link":"https:\/\/esg.perone.dev\/en\/lassociation\/","title":{"rendered":"L&rsquo;association"},"content":{"rendered":"<div class=\"wp-block-group alignfull has-accent-background-color has-background has-global-padding is-layout-constrained wp-container-core-group-is-layout-1a7b205b wp-block-group-is-layout-constrained\" style=\"margin-top:0;margin-bottom:0;padding-top:var(--wp--preset--spacing--70);padding-right:var(--wp--preset--spacing--50);padding-bottom:var(--wp--preset--spacing--70);padding-left:var(--wp--preset--spacing--50)\">\n<h1 class=\"wp-block-heading has-text-align-center has-heading-font-family has-xx-large-font-size\">Association Classique en Partage<\/h1>\n\n\n\n<p class=\"has-text-align-center has-heading-font-family has-large-font-size\" style=\"line-height:1.3\">L&rsquo;Association Classique en Partage (ACP) poursuit ses objectifs au travers de <strong>l&rsquo;Ensemble Symphonique de Gen\u00e8ve (ESG) qu&rsquo;il anime et dirige<\/strong>.<\/p>\n<\/div>\n\n\n\n<div class=\"wp-block-group alignfull has-base-background-color has-background has-global-padding is-layout-constrained wp-container-core-group-is-layout-4e8394b3 wp-block-group-is-layout-constrained\" style=\"margin-top:0;margin-bottom:0;padding-top:var(--wp--preset--spacing--40);padding-right:var(--wp--preset--spacing--50);padding-bottom:var(--wp--preset--spacing--60);padding-left:var(--wp--preset--spacing--50)\">\n<p class=\"has-medium-font-size\">L&rsquo;Association Classique en Partage est n\u00e9e de la volont\u00e9 d&rsquo;ouvrir le monde de la musique classique au plus grand nombre, au-del\u00e0 de toute id\u00e9e pr\u00e9con\u00e7ue et de faire d\u00e9couvrir ou red\u00e9couvrir la richesse et la vari\u00e9t\u00e9 de son histoire, de son r\u00e9pertoire, l&rsquo;actualit\u00e9 de son interpr\u00e9tation et les tendances de sa cr\u00e9ation contemporaine. Pour cela, le projet s&rsquo;articule autour de trois principes clefs :<\/p>\n\n\n\n<div class=\"wp-block-columns alignwide is-layout-flex wp-container-core-columns-is-layout-2676a288 wp-block-columns-is-layout-flex\" style=\"margin-top:var(--wp--preset--spacing--50)\">\n<div class=\"wp-block-column is-layout-flow wp-block-column-is-layout-flow\">\n<h3 class=\"wp-block-heading has-heading-font-family has-large-font-size\">Un ensemble modulable<\/h3>\n\n\n\n<p>La cr\u00e9ation d&rsquo;un nouvel ensemble modulable, pouvant se d\u00e9ployer du Quintette, Sextuor ou Octuor \u00e0 l&rsquo;Orchestre de Chambre jusqu&rsquo;\u00e0 l&rsquo;Orchestre Symphonique.<\/p>\n<\/div>\n\n\n\n<div class=\"wp-block-column is-layout-flow wp-block-column-is-layout-flow\">\n<h3 class=\"wp-block-heading has-heading-font-family has-large-font-size\">Des lieux diff\u00e9rents<\/h3>\n\n\n\n<p>Le choix de lieux de concerts diff\u00e9rents, populaires, permettant \u00e0 ceux qui le souhaitent assister \u00e0 des rencontres avant et apr\u00e8s le concert avec le directeur artistiques et les musiciens.<\/p>\n<\/div>\n\n\n\n<div class=\"wp-block-column is-layout-flow wp-block-column-is-layout-flow\">\n<h3 class=\"wp-block-heading has-heading-font-family has-large-font-size\">Des concerts d\u00e9tendus<\/h3>\n\n\n\n<p>Le caract\u00e8re d\u00e9tendu des concerts permettant \u00e0 un public diversifi\u00e9 de s&rsquo;y sentir \u00e0 l&rsquo;aise, au-del\u00e0 de toute barri\u00e8re culturelle et sociale.<\/p>\n<\/div>\n<\/div>\n<\/div>\n\n\n\n<div class=\"wp-block-group alignfull has-accent-background-color has-background has-global-padding is-layout-constrained wp-container-core-group-is-layout-a75e7c4c wp-block-group-is-layout-constrained\" style=\"margin-top:0;margin-bottom:0;padding-top:var(--wp--preset--spacing--60);padding-right:var(--wp--preset--spacing--50);padding-bottom:var(--wp--preset--spacing--60);padding-left:var(--wp--preset--spacing--50)\">\n<p class=\"has-text-align-center has-heading-font-family has-large-font-size\" style=\"line-height:1.3\">L&rsquo;Association Classique en Partage a pour mission de rassembler les gens autour de la musique classique de tr\u00e8s grande qualit\u00e9.<\/p>\n\n\n\n<p class=\"has-text-align-center has-medium-font-size\">Les musiciens garantissent \u00e0 travers leur enthousiasme et passion de faire de la musique classique un bien commun, accessible \u00e0 tous.<\/p>\n\n\n\n<p class=\"has-text-align-center has-small-font-size\">Classique en Partage est une association d&rsquo;utilit\u00e9 publique, sans but lucratif qui donc permet la d\u00e9duction fiscale pour les contributeurs (donateurs, bienfaiteurs, m\u00e9c\u00e8nes).<\/p>\n<\/div>\n\n\n\n<div class=\"wp-block-group alignfull has-base-background-color has-background has-global-padding is-layout-constrained wp-container-core-group-is-layout-a75e7c4c wp-block-group-is-layout-constrained\" style=\"margin-top:0;margin-bottom:0;padding-top:var(--wp--preset--spacing--60);padding-right:var(--wp--preset--spacing--50);padding-bottom:var(--wp--preset--spacing--60);padding-left:var(--wp--preset--spacing--50)\">\n<h2 class=\"wp-block-heading has-text-align-center has-heading-font-family has-x-large-font-size\">Membres du Comit\u00e9<\/h2>\n\n\n\n<div class=\"wp-block-columns alignwide is-layout-flex wp-container-core-columns-is-layout-e29f4d5c wp-block-columns-is-layout-flex\" style=\"margin-top:var(--wp--preset--spacing--50)\">\n<div class=\"wp-block-column is-layout-flow wp-block-column-is-layout-flow\">\n<p class=\"has-text-align-center\"><strong>Claire PIGUET<\/strong><br><em>Pr\u00e9sidente<\/em><\/p>\n\n\n\n<p class=\"has-text-align-center\"><strong>Gilles LERAILLE<\/strong><br><em>Vice-Pr\u00e9sident<\/em><\/p>\n<\/div>\n\n\n\n<div class=\"wp-block-column is-layout-flow wp-block-column-is-layout-flow\">\n<p class=\"has-text-align-center\"><strong>Janine PLANCHE<\/strong><br><em>Tr\u00e9sori\u00e8re<\/em><\/p>\n\n\n\n<p class=\"has-text-align-center\"><strong>Katharina EHRSAM<\/strong><br><em>Secr\u00e9taire<\/em><\/p>\n<\/div>\n\n\n\n<div class=\"wp-block-column is-layout-flow wp-block-column-is-layout-flow\">\n<p class=\"has-text-align-center\"><strong>Chlo\u00e9 CARFAGNO<\/strong><br><em>Membre du Comit\u00e9<\/em><\/p>\n\n\n\n<p class=\"has-text-align-center\"><strong>Antoine CHAVAN<\/strong><br><em>Membre du Comit\u00e9<\/em><\/p>\n<\/div>\n<\/div>\n<\/div>\n\n\n\n<div class=\"wp-block-group alignfull has-accent-background-color has-background has-global-padding is-layout-constrained wp-container-core-group-is-layout-a75e7c4c wp-block-group-is-layout-constrained\" style=\"margin-top:0;margin-bottom:0;padding-top:var(--wp--preset--spacing--60);padding-right:var(--wp--preset--spacing--50);padding-bottom:var(--wp--preset--spacing--60);padding-left:var(--wp--preset--spacing--50)\">\n<h2 class=\"wp-block-heading has-text-align-center has-heading-font-family has-x-large-font-size\">Direction Artistique<\/h2>\n\n\n\n<div class=\"wp-block-columns alignwide is-layout-flex wp-container-core-columns-is-layout-8b30a33a wp-block-columns-is-layout-flex\" style=\"margin-top:var(--wp--preset--spacing--50)\">\n<div class=\"wp-block-column is-layout-flow wp-block-column-is-layout-flow\" style=\"flex-basis:33.33%\">\n<figure class=\"wp-block-image size-large is-style-rounded is-style-rounded--1\"><img loading=\"lazy\" decoding=\"async\" width=\"683\" height=\"1024\" src=\"https:\/\/esg.perone.dev\/wp-content\/uploads\/2026\/03\/Sergey-IMG_5554-683x1024.jpg\" alt=\"Sergey Ostrovsky, Directeur Artistique de l'ESG\" class=\"wp-image-161\" style=\"aspect-ratio:3\/4;object-fit:cover\" srcset=\"https:\/\/esg.perone.dev\/wp-content\/uploads\/2026\/03\/Sergey-IMG_5554-683x1024.jpg 683w, https:\/\/esg.perone.dev\/wp-content\/uploads\/2026\/03\/Sergey-IMG_5554-200x300.jpg 200w, https:\/\/esg.perone.dev\/wp-content\/uploads\/2026\/03\/Sergey-IMG_5554-768x1152.jpg 768w, https:\/\/esg.perone.dev\/wp-content\/uploads\/2026\/03\/Sergey-IMG_5554-1024x1536.jpg 1024w, https:\/\/esg.perone.dev\/wp-content\/uploads\/2026\/03\/Sergey-IMG_5554-8x12.jpg 8w, https:\/\/esg.perone.dev\/wp-content\/uploads\/2026\/03\/Sergey-IMG_5554.jpg 1200w\" sizes=\"auto, (max-width: 683px) 100vw, 683px\" \/><\/figure>\n<\/div>\n\n\n\n<div class=\"wp-block-column is-vertically-aligned-center is-layout-flow wp-block-column-is-layout-flow\" style=\"flex-basis:66.66%\">\n<h3 class=\"wp-block-heading has-heading-font-family has-large-font-size\"><em>Sergey Ostrovsky<\/em><\/h3>\n\n\n\n<p>Le r\u00f4le de Sergey Ostrovsky en tant que directeur artistique de l&rsquo;Ensemble Symphonique de Gen\u00e8ve et de l&rsquo;Association Classique en Partage est multiple. Il consiste avant tout \u00e0 mener, en \u00e9troite collaboration avec le comit\u00e9, la direction artistique du projet dans tous ses aspects, tant musicaux qu&rsquo;organisationnels : s\u00e9lection des musiciens de l&rsquo;orchestre et des chefs de pupitre, invitation des solistes, \u00e9laboration des programmes, choix des \u0153uvres, d\u00e9finition des lieux et de production et d\u00e9veloppement de collaboration. Il intervient \u00e9galement en tant que chef d&rsquo;orchestre et soliste.<\/p>\n<\/div>\n<\/div>\n<\/div>\n\n\n\n<div class=\"wp-block-group alignfull has-base-background-color has-background has-global-padding is-layout-constrained wp-container-core-group-is-layout-da622fa3 wp-block-group-is-layout-constrained\" style=\"margin-top:0;margin-bottom:0;padding-top:var(--wp--preset--spacing--70);padding-right:var(--wp--preset--spacing--50);padding-bottom:var(--wp--preset--spacing--60);padding-left:var(--wp--preset--spacing--50)\">\n<h2 class=\"wp-block-heading has-text-align-center has-heading-font-family has-xx-large-font-size\">Ensemble Symphonique de Gen\u00e8ve<\/h2>\n\n\n\n<p class=\"has-text-align-center has-medium-font-size\">L&rsquo;objectif de l&rsquo;ESG est de r\u00e9unir des musiciens passionn\u00e9s, choisis tant pour leurs qualit\u00e9s artistiques qu&rsquo;humaines afin de former un ensemble coh\u00e9rent, dynamique et inspir\u00e9. L&rsquo;ensemble est compos\u00e9 de professionnels exp\u00e9riment\u00e9s ainsi que de jeunes musiciens dipl\u00f4m\u00e9s des Hautes \u00c9coles de Musique suisses, tous partageant le m\u00eame enthousiasme, la m\u00eame motivation et l&rsquo;ouverture d&rsquo;esprit n\u00e9cessaire \u00e0 la r\u00e9ussite des projets de cr\u00e9ations musicales. Les musiciens sont choisis en fonction de leur talent, de leur passion, de leur sentiment d&rsquo;appartenance \u00e0 un m\u00eame objectif musical, dans le respect total de leurs origines.<\/p>\n<\/div>\n\n\n\n<div class=\"wp-block-group alignfull has-accent-background-color has-background has-global-padding is-layout-constrained wp-container-core-group-is-layout-a75e7c4c wp-block-group-is-layout-constrained\" style=\"margin-top:0;margin-bottom:0;padding-top:var(--wp--preset--spacing--60);padding-right:var(--wp--preset--spacing--50);padding-bottom:var(--wp--preset--spacing--60);padding-left:var(--wp--preset--spacing--50)\">\n<h2 class=\"wp-block-heading has-text-align-center has-heading-font-family has-x-large-font-size\">La mission de l&rsquo;ESG<\/h2>\n\n\n\n<div class=\"wp-block-columns alignwide is-layout-flex wp-container-core-columns-is-layout-2676a288 wp-block-columns-is-layout-flex\" style=\"margin-top:var(--wp--preset--spacing--50)\">\n<div class=\"wp-block-column is-layout-flow wp-block-column-is-layout-flow\">\n<h3 class=\"wp-block-heading has-heading-font-family has-medium-font-size\">La musique classique s&rsquo;invite chez vous<\/h3>\n\n\n\n<p class=\"has-small-font-size\">Promouvoir une musique classique de haute qualit\u00e9 tout en cr\u00e9ant un espace de partage culturel. Les musiciens sont pr\u00eats \u00e0 partager leur passion avec des publics qui ne peuvent pas assister \u00e0 des concerts live et \u00e0 donner un peu de leur temps et de leur talent pour aider ceux qui en ont besoin.<\/p>\n\n\n\n<p class=\"has-small-font-size\">L&rsquo;ESG pr\u00e9voit de programmer des concerts \u00e0 buts sociaux, permettant ainsi d&rsquo;offrir des moments de joie et de r\u00e9confort pour les personnes qui sont dans des situations difficiles, comme celles qui se trouvent dans les h\u00f4pitaux, les maisons de retraite et les prisons, leur permettant un moment de distraction et de d\u00e9tente.<\/p>\n<\/div>\n\n\n\n<div class=\"wp-block-column is-layout-flow wp-block-column-is-layout-flow\">\n<h3 class=\"wp-block-heading has-heading-font-family has-medium-font-size\">Un ensemble modulable<\/h3>\n\n\n\n<p class=\"has-small-font-size\">Cette formation est compos\u00e9e d&rsquo;instrumentistes de premier plan r\u00e9sidents de fa\u00e7on g\u00e9n\u00e9rale dans la r\u00e9gion genevoise, qui est capable de se transformer, \u00e0 la demande, de quelques musiciens \u00e0 plusieurs dizaines de musiciens.<\/p>\n<\/div>\n<\/div>\n\n\n\n<div class=\"wp-block-columns alignwide is-layout-flex wp-container-core-columns-is-layout-967d05ff wp-block-columns-is-layout-flex\" style=\"margin-top:var(--wp--preset--spacing--40)\">\n<div class=\"wp-block-column is-layout-flow wp-block-column-is-layout-flow\">\n<h3 class=\"wp-block-heading has-heading-font-family has-medium-font-size\">Concerts traditionnels<\/h3>\n\n\n\n<p class=\"has-small-font-size\">Une programmation qui comprend des \u0153uvres r\u00e9put\u00e9es de compositeurs connus du grand public, mais aussi des \u0153uvres plus rares de compositeurs peu jou\u00e9s, voire des cr\u00e9ations contemporaines permettant des d\u00e9couvertes.<\/p>\n<\/div>\n\n\n\n<div class=\"wp-block-column is-layout-flow wp-block-column-is-layout-flow\">\n<h3 class=\"wp-block-heading has-heading-font-family has-medium-font-size\">Transmettre aux g\u00e9n\u00e9rations futures<\/h3>\n\n\n\n<p class=\"has-small-font-size\">L&rsquo;ESG pr\u00e9voit une collaboration avec les enseignants des \u00e9coles publiques et priv\u00e9es qui sont int\u00e9ress\u00e9s \u00e0 introduire dans les programmes une initiation \u00e0 la musique notamment aux diff\u00e9rents genres musicaux et \u00e0 leur histoire.<\/p>\n<\/div>\n<\/div>\n<\/div>\n\n\n\n<div class=\"wp-block-group alignfull has-base-background-color has-background has-global-padding is-layout-constrained wp-container-core-group-is-layout-6eda0753 wp-block-group-is-layout-constrained\" style=\"margin-top:0;margin-bottom:0;padding-top:var(--wp--preset--spacing--70);padding-right:var(--wp--preset--spacing--50);padding-bottom:var(--wp--preset--spacing--70);padding-left:var(--wp--preset--spacing--50)\">\n<h2 class=\"wp-block-heading has-text-align-center has-heading-font-family has-x-large-font-size\">Un concept unique<\/h2>\n\n\n\n<p class=\"has-text-align-center has-medium-font-size\"><strong>L&rsquo;Association Classique en Partage propose au public une offre innovante :<\/strong><\/p>\n\n\n\n<p class=\"has-text-align-center\">L&rsquo;ESG peut ainsi offrir des concerts d&rsquo;une grande vari\u00e9t\u00e9 et s&rsquo;ouvrir \u00e0 un grand nombre de styles, du baroque jusqu&rsquo;\u00e0 la cr\u00e9ation contemporaine, pour des publics diversifi\u00e9s et dans des lieux de concert diff\u00e9rents.<\/p>\n\n\n\n<div class=\"wp-block-columns alignwide is-layout-flex wp-container-core-columns-is-layout-8b30a33a wp-block-columns-is-layout-flex\" style=\"margin-top:var(--wp--preset--spacing--50)\">\n<div class=\"wp-block-column is-layout-flow wp-block-column-is-layout-flow\" style=\"border-top-color:var(--wp--preset--color--contrast);border-top-width:2px;padding-top:var(--wp--preset--spacing--30)\">\n<h3 class=\"wp-block-heading has-heading-font-family has-large-font-size\">Un tarif unique<\/h3>\n\n\n\n<p>CHF 50.- plein tarif<br>CHF 30.- prix r\u00e9duit<br>CHF 20.- \u00e9tudiants<br>Gratuit\u00e9 pour les jeunes jusqu&rsquo;\u00e0 16 ans.<\/p>\n\n\n\n<p class=\"has-small-font-size\">Programme inclus dans ces tarifs.<\/p>\n<\/div>\n\n\n\n<div class=\"wp-block-column is-layout-flow wp-block-column-is-layout-flow\" style=\"border-top-color:var(--wp--preset--color--contrast);border-top-width:2px;padding-top:var(--wp--preset--spacing--30)\">\n<h3 class=\"wp-block-heading has-heading-font-family has-large-font-size\">Avant le concert<\/h3>\n\n\n\n<p>Rencontre entre les artistes et le public une heure avant le d\u00e9but du concert. Des musiciens de l&rsquo;orchestre pr\u00e9sentent le programme de la soir\u00e9e suivi d&rsquo;une s\u00e9ance de questions &#8211; r\u00e9ponses avec le public.<\/p>\n<\/div>\n\n\n\n<div class=\"wp-block-column is-layout-flow wp-block-column-is-layout-flow\" style=\"border-top-color:var(--wp--preset--color--contrast);border-top-width:2px;padding-top:var(--wp--preset--spacing--30)\">\n<h3 class=\"wp-block-heading has-heading-font-family has-large-font-size\">Apr\u00e8s le concert<\/h3>\n\n\n\n<p>Possibilit\u00e9 d&rsquo;un cocktail ou un d\u00eener convivial qui permet au public une rencontre exceptionnelle avec les musiciens.<\/p>\n<\/div>\n<\/div>\n<\/div>","protected":false},"excerpt":{"rendered":"<p>Association Classique en Partage L&rsquo;Association Classique en Partage (ACP) poursuit ses objectifs au travers de l&rsquo;Ensemble Symphonique de Gen\u00e8ve (ESG) qu&rsquo;il anime et dirige. L&rsquo;Association Classique en Partage est n\u00e9e [&hellip;]<\/p>\n","protected":false},"author":1,"featured_media":0,"parent":0,"menu_order":0,"comment_status":"closed","ping_status":"closed","template":"page-no-title","meta":{"_acf_changed":false,"_EventAllDay":false,"_EventTimezone":"","_EventStartDate":"","_EventEndDate":"","_EventStartDateUTC":"","_EventEndDateUTC":"","_EventShowMap":false,"_EventShowMapLink":false,"_EventURL":"","_EventCost":"","_EventCostDescription":"","_EventCurrencySymbol":"","_EventCurrencyCode":"","_EventCurrencyPosition":"","_EventDateTimeSeparator":"","_EventTimeRangeSeparator":"","_EventOrganizerID":[],"_EventVenueID":[],"_OrganizerEmail":"","_OrganizerPhone":"","_OrganizerWebsite":"","_VenueAddress":"","_VenueCity":"","_VenueCountry":"","_VenueProvince":"","_VenueState":"","_VenueZip":"","_VenuePhone":"","_VenueURL":"","_VenueStateProvince":"","_VenueLat":"","_VenueLng":"","_VenueShowMap":false,"_VenueShowMapLink":false,"footnotes":""},"class_list":["post-132","page","type-page","status-publish","hentry"],"acf":[],"_links":{"self":[{"href":"https:\/\/esg.perone.dev\/en\/wp-json\/wp\/v2\/pages\/132","targetHints":{"allow":["GET"]}}],"collection":[{"href":"https:\/\/esg.perone.dev\/en\/wp-json\/wp\/v2\/pages"}],"about":[{"href":"https:\/\/esg.perone.dev\/en\/wp-json\/wp\/v2\/types\/page"}],"author":[{"embeddable":true,"href":"https:\/\/esg.perone.dev\/en\/wp-json\/wp\/v2\/users\/1"}],"replies":[{"embeddable":true,"href":"https:\/\/esg.perone.dev\/en\/wp-json\/wp\/v2\/comments?post=132"}],"version-history":[{"count":4,"href":"https:\/\/esg.perone.dev\/en\/wp-json\/wp\/v2\/pages\/132\/revisions"}],"predecessor-version":[{"id":163,"href":"https:\/\/esg.perone.dev\/en\/wp-json\/wp\/v2\/pages\/132\/revisions\/163"}],"wp:attachment":[{"href":"https:\/\/esg.perone.dev\/en\/wp-json\/wp\/v2\/media?parent=132"}],"curies":[{"name":"wp","href":"https:\/\/api.w.org\/{rel}","templated":true}]}}