{"id":131,"date":"2026-01-25T09:42:40","date_gmt":"2026-01-25T09:42:40","guid":{"rendered":"https:\/\/esg.perone.dev\/concerts\/"},"modified":"2026-04-13T20:16:25","modified_gmt":"2026-04-13T18:16:25","slug":"concerts","status":"publish","type":"page","link":"https:\/\/esg.perone.dev\/en\/concerts\/","title":{"rendered":"Concerts"},"content":{"rendered":"<div class=\"wp-block-group alignfull has-accent-background-color has-background has-global-padding is-layout-constrained wp-container-core-group-is-layout-1349ba93 wp-block-group-is-layout-constrained\" style=\"margin-top:0;margin-bottom:0;padding-top:var(--wp--preset--spacing--80);padding-right:var(--wp--preset--spacing--50);padding-bottom:var(--wp--preset--spacing--60);padding-left:var(--wp--preset--spacing--50)\">\n<h1 class=\"wp-block-heading has-text-align-center has-heading-font-family has-xx-large-font-size\" style=\"font-style:normal;font-weight:700;letter-spacing:-0.02em\">Concerts<\/h1>\n\n\n\n<p class=\"has-text-align-center has-large-font-size\" style=\"margin-top:var(--wp--preset--spacing--30)\">Saison 2025 \u2013 2026<\/p>\n\n\n\n<hr class=\"wp-block-separator has-alpha-channel-opacity is-style-wide\" style=\"margin-top:var(--wp--preset--spacing--40);margin-bottom:var(--wp--preset--spacing--40)\"\/>\n\n\n\n<p class=\"has-text-align-center has-medium-font-size\" style=\"line-height:1.4\">L&rsquo;Ensemble Symphonique de Gen\u00e8ve vous invite \u00e0 d\u00e9couvrir une saison riche en \u00e9motions musicales.<br>Retrouvez-nous au Conservatoire de Musique de Gen\u00e8ve pour des moments inoubliables.<\/p>\n<\/div>\n\n\n\n<div class=\"wp-block-group alignfull has-base-background-color has-background has-global-padding is-layout-constrained wp-container-core-group-is-layout-6eda0753 wp-block-group-is-layout-constrained\" style=\"margin-top:0;margin-bottom:0;padding-top:var(--wp--preset--spacing--70);padding-right:var(--wp--preset--spacing--50);padding-bottom:var(--wp--preset--spacing--70);padding-left:var(--wp--preset--spacing--50)\">\n<h2 class=\"wp-block-heading has-text-align-center has-heading-font-family has-x-large-font-size\" style=\"margin-bottom:var(--wp--preset--spacing--50);font-style:normal;font-weight:600\">Prochains concerts<\/h2>\n\n\n\n<p class=\"has-text-align-center has-contrast-color has-text-color has-small-font-size\" style=\"margin-bottom:var(--wp--preset--spacing--40)\">Cliquez sur un \u00e9v\u00e9nement pour plus de d\u00e9tails et r\u00e9server vos billets<\/p>\n\n\n<div class=\"esg-concerts-list\">    <article class=\"esg-concert-card\">\n        <div class=\"esg-concert-header\">\n            <div class=\"esg-concert-date\">\n                <span class=\"esg-concert-date-day\">01<\/span>\n                <span class=\"esg-concert-date-month\">Mai<\/span>\n                <span class=\"esg-concert-date-year\">2026<\/span>\n            <\/div>\n            <div class=\"esg-concert-title-group\">\n                <h3 class=\"esg-concert-title\">Concert 3 \u00ab Amadeus, la magie voil\u00e9e \u00bb<\/h3>\n                            <\/div>\n        <\/div>\n\n                    <p class=\"esg-concert-special-note\">\u0152uvres moins connues de W. A. Mozart \u00e0 l&#039;occasion de son 270e anniversaire<\/p>\n        \n                    <p class=\"esg-concert-venue\">Conservatoire de musique de Gen\u00e8ve<\/p>\n        \n                    <p class=\"esg-concert-director\"><strong>Direction :<\/strong> Sergey Ostrovsky<\/p>\n        \n                    <div class=\"esg-concert-soloists\">\n                <p><strong>Solistes :<\/strong><\/p>\n                <ul>\n                                            <li>Lior Michel Virot, Hautbois<\/li>\n                                            <li>Anastasia Schmidlin, Clarinette<\/li>\n                                            <li>Gabriele Gombi, Basson<\/li>\n                                            <li>Nicolas Marguet, Cor<\/li>\n                                            <li>Sergey Ostrovsky, Violon<\/li>\n                                    <\/ul>\n            <\/div>\n        \n                    <div class=\"esg-concert-program\">\n                <p><strong>Programme :<\/strong><\/p>\n                <ul>\n                                            <li>Concerto n\u00b0 2 pour violon et orchestre, KV 211<\/li>\n                                            <li>Sinfonia concertante pour hautbois, clarinette, basson, cor et orchestre, KV 297b<\/li>\n                                            <li>Symphonie n\u00b0 30, KV 202<\/li>\n                                    <\/ul>\n            <\/div>\n        \n                    <div class=\"esg-concert-tickets\">\n                                    <a href=\"https:\/\/migros.infomaniak.events\/fr-ch\/shop\/ensemble-symphonique-de-geneve-2025-2026-TEG46UWGSA\" class=\"esg-concert-ticket-btn\" target=\"_blank\" rel=\"noopener\">Billetterie Migros<\/a>\n                                                    <a href=\"https:\/\/billetterie-culture.geneve.ch\/selection\/event\/date?productId=10229240482341\" class=\"esg-concert-ticket-btn\" target=\"_blank\" rel=\"noopener\">Billetterie Ville de Gen\u00e8ve<\/a>\n                            <\/div>\n            <\/article>\n    <\/div>\n<\/div>\n\n\n\n<div class=\"wp-block-group alignfull has-base-color has-accent-3-background-color has-text-color has-background has-global-padding is-layout-constrained wp-container-core-group-is-layout-a75e7c4c wp-block-group-is-layout-constrained\" style=\"margin-top:0;margin-bottom:0;padding-top:var(--wp--preset--spacing--60);padding-right:var(--wp--preset--spacing--50);padding-bottom:var(--wp--preset--spacing--60);padding-left:var(--wp--preset--spacing--50)\">\n<div class=\"wp-block-columns alignwide is-layout-flex wp-container-core-columns-is-layout-14cf5ab5 wp-block-columns-is-layout-flex\">\n<div class=\"wp-block-column is-layout-flow wp-block-column-is-layout-flow\" style=\"flex-basis:60%\">\n<h2 class=\"wp-block-heading has-base-color has-text-color has-heading-font-family has-large-font-size\" style=\"font-style:normal;font-weight:600\">Billetterie<\/h2>\n\n\n\n<p class=\"has-base-color has-text-color has-medium-font-size\" style=\"margin-top:var(--wp--preset--spacing--30)\">R\u00e9servez vos places aupr\u00e8s de nos partenaires officiels pour garantir votre pr\u00e9sence \u00e0 nos concerts.<\/p>\n\n\n\n<p class=\"has-base-color has-text-color has-small-font-size\">Tarifs : CHF 20.- \u00e0 40.- selon la cat\u00e9gorie<br>Gratuit pour les moins de 16 ans (sur pr\u00e9sentation d&rsquo;un justificatif)<\/p>\n<\/div>\n\n\n\n<div class=\"wp-block-column is-layout-flow wp-container-core-column-is-layout-22223934 wp-block-column-is-layout-flow\" style=\"flex-basis:40%\">\n<div class=\"wp-block-buttons is-vertical is-layout-flex wp-container-core-buttons-is-layout-283d9697 wp-block-buttons-is-layout-flex\" style=\"margin-top:var(--wp--preset--spacing--30)\">\n<div class=\"wp-block-button has-custom-width wp-block-button__width-100\"><a class=\"wp-block-button__link has-contrast-color has-base-background-color has-text-color has-background wp-element-button\" href=\"https:\/\/migros.infomaniak.events\/fr-ch\/shop\/ensemble-symphonique-de-geneve-2025-2026-TEG46UWGSA\" style=\"border-radius:4px\" target=\"_blank\" rel=\"noopener\">Billetterie Migros<\/a><\/div>\n\n\n\n<div class=\"wp-block-button has-custom-width wp-block-button__width-100\"><a class=\"wp-block-button__link has-contrast-color has-base-background-color has-text-color has-background wp-element-button\" href=\"https:\/\/billetterie-culture.geneve.ch\" style=\"border-radius:4px\" target=\"_blank\" rel=\"noopener\">Billetterie Ville de Gen\u00e8ve<\/a><\/div>\n<\/div>\n<\/div>\n<\/div>\n<\/div>\n\n\n\n<div class=\"wp-block-group alignfull has-accent-background-color has-background has-global-padding is-layout-constrained wp-container-core-group-is-layout-6eda0753 wp-block-group-is-layout-constrained\" style=\"margin-top:0;margin-bottom:0;padding-top:var(--wp--preset--spacing--70);padding-right:var(--wp--preset--spacing--50);padding-bottom:var(--wp--preset--spacing--70);padding-left:var(--wp--preset--spacing--50)\">\n<h2 class=\"wp-block-heading has-text-align-center has-heading-font-family has-x-large-font-size\" style=\"margin-bottom:var(--wp--preset--spacing--40);font-style:normal;font-weight:600\">Avant le concert<\/h2>\n\n\n\n<div class=\"wp-block-columns alignwide is-layout-flex wp-container-core-columns-is-layout-14cf5ab5 wp-block-columns-is-layout-flex\">\n<div class=\"wp-block-column is-layout-flow wp-block-column-is-layout-flow\">\n<div class=\"wp-block-group has-base-background-color has-background has-global-padding is-layout-constrained wp-container-core-group-is-layout-52009084 wp-block-group-is-layout-constrained\" style=\"border-radius:8px;padding-top:var(--wp--preset--spacing--40);padding-right:var(--wp--preset--spacing--40);padding-bottom:var(--wp--preset--spacing--40);padding-left:var(--wp--preset--spacing--40)\">\n<h3 class=\"wp-block-heading has-heading-font-family has-medium-font-size\" style=\"font-style:normal;font-weight:600\">\ud83c\udfb5 Rencontre avant-concert<\/h3>\n\n\n\n<p class=\"has-small-font-size\">Rejoignez-nous <strong>d\u00e8s 18h45<\/strong> pour une introduction au programme du soir et une rencontre avec les artistes.<\/p>\n<\/div>\n<\/div>\n\n\n\n<div class=\"wp-block-column is-layout-flow wp-block-column-is-layout-flow\">\n<div class=\"wp-block-group has-base-background-color has-background has-global-padding is-layout-constrained wp-container-core-group-is-layout-52009084 wp-block-group-is-layout-constrained\" style=\"border-radius:8px;padding-top:var(--wp--preset--spacing--40);padding-right:var(--wp--preset--spacing--40);padding-bottom:var(--wp--preset--spacing--40);padding-left:var(--wp--preset--spacing--40)\">\n<h3 class=\"wp-block-heading has-heading-font-family has-medium-font-size\" style=\"font-style:normal;font-weight:600\">\ud83d\udccd Lieu principal<\/h3>\n\n\n\n<p class=\"has-small-font-size\"><strong>Conservatoire de Musique de Gen\u00e8ve<\/strong><br>Place de Neuve 5, 1204 Gen\u00e8ve<\/p>\n<\/div>\n<\/div>\n\n\n\n<div class=\"wp-block-column is-layout-flow wp-block-column-is-layout-flow\">\n<div class=\"wp-block-group has-base-background-color has-background has-global-padding is-layout-constrained wp-container-core-group-is-layout-52009084 wp-block-group-is-layout-constrained\" style=\"border-radius:8px;padding-top:var(--wp--preset--spacing--40);padding-right:var(--wp--preset--spacing--40);padding-bottom:var(--wp--preset--spacing--40);padding-left:var(--wp--preset--spacing--40)\">\n<h3 class=\"wp-block-heading has-heading-font-family has-medium-font-size\" style=\"font-style:normal;font-weight:600\">\u23f1\ufe0f Dur\u00e9e<\/h3>\n\n\n\n<p class=\"has-small-font-size\">Environ <strong>2 heures<\/strong> avec entracte. Les concerts d\u00e9butent g\u00e9n\u00e9ralement \u00e0 19h30 ou 20h00.<\/p>\n<\/div>\n<\/div>\n<\/div>\n<\/div>\n\n\n\n<div class=\"wp-block-group alignfull has-base-background-color has-background has-global-padding is-layout-constrained wp-container-core-group-is-layout-482c0b0a wp-block-group-is-layout-constrained\" style=\"margin-top:0;margin-bottom:0;padding-top:var(--wp--preset--spacing--70);padding-right:var(--wp--preset--spacing--50);padding-bottom:var(--wp--preset--spacing--80);padding-left:var(--wp--preset--spacing--50)\">\n<h2 class=\"wp-block-heading has-text-align-center has-heading-font-family has-x-large-font-size\" style=\"margin-bottom:var(--wp--preset--spacing--30);font-style:normal;font-weight:600\">Concerts pass\u00e9s<\/h2>\n\n\n\n<p class=\"has-text-align-center has-contrast-color has-text-color has-small-font-size\" style=\"margin-bottom:var(--wp--preset--spacing--40)\">Retrouvez les archives de nos saisons pr\u00e9c\u00e9dentes<\/p>\n\n\n<p class=\"esg-concerts-empty\">Aucun concert \u00e0 afficher.<\/p>\n<\/div>\n\n\n\n<div class=\"wp-block-group alignfull has-base-color has-accent-3-background-color has-text-color has-background has-global-padding is-layout-constrained wp-container-core-group-is-layout-a75e7c4c wp-block-group-is-layout-constrained\" style=\"margin-top:0;margin-bottom:0;padding-top:var(--wp--preset--spacing--60);padding-right:var(--wp--preset--spacing--50);padding-bottom:var(--wp--preset--spacing--60);padding-left:var(--wp--preset--spacing--50)\">\n<p class=\"has-text-align-center has-base-color has-text-color has-heading-font-family has-large-font-size\" style=\"line-height:1.3\">Ne manquez aucun de nos concerts<\/p>\n\n\n\n<p class=\"has-text-align-center has-base-color has-text-color has-small-font-size\" style=\"margin-top:var(--wp--preset--spacing--20);margin-bottom:var(--wp--preset--spacing--30)\">Inscrivez-vous \u00e0 notre newsletter pour recevoir nos actualit\u00e9s et offres exclusives<\/p>\n\n\n\n<div class=\"wp-block-buttons is-content-justification-center is-layout-flex wp-container-core-buttons-is-layout-a89b3969 wp-block-buttons-is-layout-flex\">\n<div class=\"wp-block-button\"><a class=\"wp-block-button__link has-contrast-color has-base-background-color has-text-color has-background wp-element-button\" href=\"\/en\/newsletter\/\" style=\"border-radius:4px\">S&rsquo;inscrire \u00e0 la newsletter<\/a><\/div>\n<\/div>\n<\/div>","protected":false},"excerpt":{"rendered":"<p>Concerts Saison 2025 \u2013 2026 L&rsquo;Ensemble Symphonique de Gen\u00e8ve vous invite \u00e0 d\u00e9couvrir une saison riche en \u00e9motions musicales.Retrouvez-nous au Conservatoire de Musique de Gen\u00e8ve pour des moments inoubliables. Prochains [&hellip;]<\/p>\n","protected":false},"author":1,"featured_media":0,"parent":0,"menu_order":0,"comment_status":"closed","ping_status":"closed","template":"page-no-title","meta":{"_acf_changed":false,"_EventAllDay":false,"_EventTimezone":"","_EventStartDate":"","_EventEndDate":"","_EventStartDateUTC":"","_EventEndDateUTC":"","_EventShowMap":false,"_EventShowMapLink":false,"_EventURL":"","_EventCost":"","_EventCostDescription":"","_EventCurrencySymbol":"","_EventCurrencyCode":"","_EventCurrencyPosition":"","_EventDateTimeSeparator":"","_EventTimeRangeSeparator":"","_EventOrganizerID":[],"_EventVenueID":[],"_OrganizerEmail":"","_OrganizerPhone":"","_OrganizerWebsite":"","_VenueAddress":"","_VenueCity":"","_VenueCountry":"","_VenueProvince":"","_VenueState":"","_VenueZip":"","_VenuePhone":"","_VenueURL":"","_VenueStateProvince":"","_VenueLat":"","_VenueLng":"","_VenueShowMap":false,"_VenueShowMapLink":false,"footnotes":""},"class_list":["post-131","page","type-page","status-publish","hentry"],"acf":[],"_links":{"self":[{"href":"https:\/\/esg.perone.dev\/en\/wp-json\/wp\/v2\/pages\/131","targetHints":{"allow":["GET"]}}],"collection":[{"href":"https:\/\/esg.perone.dev\/en\/wp-json\/wp\/v2\/pages"}],"about":[{"href":"https:\/\/esg.perone.dev\/en\/wp-json\/wp\/v2\/types\/page"}],"author":[{"embeddable":true,"href":"https:\/\/esg.perone.dev\/en\/wp-json\/wp\/v2\/users\/1"}],"replies":[{"embeddable":true,"href":"https:\/\/esg.perone.dev\/en\/wp-json\/wp\/v2\/comments?post=131"}],"version-history":[{"count":8,"href":"https:\/\/esg.perone.dev\/en\/wp-json\/wp\/v2\/pages\/131\/revisions"}],"predecessor-version":[{"id":262,"href":"https:\/\/esg.perone.dev\/en\/wp-json\/wp\/v2\/pages\/131\/revisions\/262"}],"wp:attachment":[{"href":"https:\/\/esg.perone.dev\/en\/wp-json\/wp\/v2\/media?parent=131"}],"curies":[{"name":"wp","href":"https:\/\/api.w.org\/{rel}","templated":true}]}}